{"id":322,"date":"2021-05-18T15:16:28","date_gmt":"2021-05-18T20:16:28","guid":{"rendered":"https:\/\/www.formacionsige.org\/demo\/?page_id=322"},"modified":"2025-01-07T10:05:04","modified_gmt":"2025-01-07T15:05:04","slug":"historia","status":"publish","type":"page","link":"https:\/\/marianitasguayaquil.edu.ec\/?page_id=322","title":{"rendered":"Historia"},"content":{"rendered":"\t\t<div data-elementor-type=\"wp-page\" data-elementor-id=\"322\" class=\"elementor elementor-322\" data-elementor-post-type=\"page\">\n\t\t\t\t\t\t<section class=\"elementor-section elementor-top-section elementor-element elementor-element-b453804 elementor-section-boxed elementor-section-height-default elementor-section-height-default\" data-id=\"b453804\" data-element_type=\"section\" data-settings=\"{&quot;background_background&quot;:&quot;classic&quot;}\">\n\t\t\t\t\t\t<div class=\"elementor-container elementor-column-gap-default\">\n\t\t\t\t\t<div class=\"elementor-column elementor-col-100 elementor-top-column elementor-element elementor-element-c26975a\" data-id=\"c26975a\" data-element_type=\"column\" data-settings=\"{&quot;background_background&quot;:&quot;classic&quot;}\">\n\t\t\t<div class=\"elementor-widget-wrap elementor-element-populated\">\n\t\t\t\t\t\t<div class=\"elementor-element elementor-element-85c6ddc elementor-widget elementor-widget-text-editor\" data-id=\"85c6ddc\" data-element_type=\"widget\" data-widget_type=\"text-editor.default\">\n\t\t\t\t<div class=\"elementor-widget-container\">\n\t\t\t\t\t\t\t\t\t<div class=\"parallax full-width-bg\">\n<div class=\"container\">\n<div class=\"main-title\">\n<h1 style=\"text-align: center;\"><span style=\"color: #ed4a7d;\"><strong><span style=\"font-family: 'Trajan Pro Bold';\">Hermanas Marianitas en Guayaquil<\/span><\/strong><\/span><\/h1>\n<\/div>\n<\/div>\n<\/div>\t\t\t\t\t\t\t\t<\/div>\n\t\t\t\t<\/div>\n\t\t\t\t\t<\/div>\n\t\t<\/div>\n\t\t\t\t\t<\/div>\n\t\t<\/section>\n\t\t\t\t<section class=\"elementor-section elementor-top-section elementor-element elementor-element-fb11811 elementor-section-boxed elementor-section-height-default elementor-section-height-default\" data-id=\"fb11811\" data-element_type=\"section\">\n\t\t\t\t\t\t<div class=\"elementor-container elementor-column-gap-default\">\n\t\t\t\t\t<div class=\"elementor-column elementor-col-100 elementor-top-column elementor-element elementor-element-a438736\" data-id=\"a438736\" data-element_type=\"column\" data-settings=\"{&quot;background_background&quot;:&quot;classic&quot;}\">\n\t\t\t<div class=\"elementor-widget-wrap elementor-element-populated\">\n\t\t\t\t\t\t<div class=\"elementor-element elementor-element-f9d43cb elementor-widget elementor-widget-text-editor\" data-id=\"f9d43cb\" data-element_type=\"widget\" data-widget_type=\"text-editor.default\">\n\t\t\t\t<div class=\"elementor-widget-container\">\n\t\t\t\t\t\t\t\t\t<div class=\"entry-detail\"><div class=\"entry-body\"><p>El 18 de octubre de 1906, la Comunidad de Hermanas Marianitas se traslada a la hospitalaria y culta ciudad de Guayaquil, con el objeto dedicarse a la educaci\u00f3n de las ni\u00f1as desvalidas y de las ni\u00f1as hu\u00e9rfanas de la \u00e9poca.<\/p><p>Una tarde de aquel 1906 en la Casa madre de la Comunidad Marianita, la religiosa guayaquile\u00f1a Judith Oyarvide conversaba con la Madre General de aquel entonces, Mar\u00eda del Coraz\u00f3n de Jes\u00fas Uquillas. Esa tarde en que conversaban las dos, las cr\u00f3nicas de la Comunidad registran el siguiente di\u00e1logo:<\/p><p>Madre Mar\u00eda, fundemos una Casa en mi ciudad natal \u00bfCree usted que ser\u00eda posible fundar una Casa en Guayaquil?,<br \/>&#8211; \u00bfPor qu\u00e9 no Madre?, pero \u00bfD\u00f3nde se hospedar\u00edan?<br \/>&#8211; \u00a1En casa de mis hermanas!, contest\u00f3 la madre Judith.<\/p><p><img fetchpriority=\"high\" decoding=\"async\" class=\"alignleft wp-image-1270\" src=\"https:\/\/marianitasguayaquil.edu.ec\/wp-content\/uploads\/2021\/07\/Diapositiva1.jpg\" alt=\"\" width=\"467\" height=\"350\" srcset=\"https:\/\/marianitasguayaquil.edu.ec\/wp-content\/uploads\/2021\/07\/Diapositiva1.jpg 720w, https:\/\/marianitasguayaquil.edu.ec\/wp-content\/uploads\/2021\/07\/Diapositiva1-300x225.jpg 300w\" sizes=\"(max-width: 467px) 100vw, 467px\" \/>Justo en ese momento, la madre Mercedes Plaza, colombiana de muchos m\u00e9ritos y que gozaba de la confianza de la Madre Mar\u00eda, ingresaba en la sala. Sin perder tiempo, la madre Judith dijo: Madre, \u00a1m\u00e1ndeme con la madre Mercedes y le ofrezco la fundaci\u00f3n!, La madre Mar\u00eda Uquillas acept\u00f3; a pesar de que el naciente Instituto Marianita experimentaba muchas penalidades econ\u00f3micas en aquella \u00e9poca.<\/p><p>De hecho, el nuevo gobierno del Ecuador se opon\u00eda a que la educaci\u00f3n fuera dirigida por las religiosas y les priv\u00f3 del financiamiento que hab\u00eda sido adjudicado por el gobierno anterior.<br \/>Aquella tarde, el entusiasmo y la generosidad de la madre Judith hicieron que la madre Mar\u00eda Uquillas, sin pensarlo demasiado, dispusiera que la madre Judith y la madre Mercedes viajaran juntas a Guayaquil para estudiar la posibilidad de la fundaci\u00f3n.<\/p><p>Corr\u00eda, como hab\u00edamos dicho, el a\u00f1o 1906, y fue el 6 de octubre cuando la familia Oyarvide recibi\u00f3 a las religiosas en Guayaquil. Y sucedi\u00f3 que, al d\u00eda siguiente, cuando participan de la Eucarist\u00eda en el templo de la Victoria, el padre franc\u00e9s F\u00e9lix Rousille, que all\u00ed viv\u00eda, al verlas se les acerc\u00f3 y les pregunt\u00f3 el motivo de su presencia. Ellas le manifestaron que ven\u00edan con el prop\u00f3sito de establecer un orfanato en Guayaquil. Entonces, el Padre Rousille les dijo que su visita era una gran coincidencia, pues \u00e9l ten\u00eda un proyecto semejante de fundaci\u00f3n. De hecho, ya contaba con los recursos necesarios y pod\u00eda entregarles la obra. Como si todo hubiera estado premeditado, con gran naturalidad las cit\u00f3 para llevarlas al d\u00eda siguiente al lugar d\u00f3nde funcionar\u00eda el orfanato.<\/p><p>Al otro d\u00eda, despu\u00e9s de la Sagrada Eucarist\u00eda, Las Hnas. Judith y Mercedes salieron con el Padre Rousille a conocer la casa. Caminaron mucho hasta que al fin llegaron a una peque\u00f1a construcci\u00f3n de ca\u00f1a fuera de la ciudad. En uno de los pilares de la entrada se encontraba atado un asno, y, subiendo por unas gradas labradas en un tronco, llegaron a un segundo piso donde estaba sentada una se\u00f1ora gorda y trigue\u00f1a, impasible.<\/p><p><img decoding=\"async\" class=\"alignright wp-image-1272 size-full\" src=\"https:\/\/marianitasguayaquil.edu.ec\/wp-content\/uploads\/2021\/07\/santuario.jpg\" alt=\"\" width=\"410\" height=\"623\" srcset=\"https:\/\/marianitasguayaquil.edu.ec\/wp-content\/uploads\/2021\/07\/santuario.jpg 410w, https:\/\/marianitasguayaquil.edu.ec\/wp-content\/uploads\/2021\/07\/santuario-197x300.jpg 197w\" sizes=\"(max-width: 410px) 100vw, 410px\" \/>El Padre Rousille les dijo: Aqu\u00ed tienen madres la casa que Dios les ha deparado. La se\u00f1ora que est\u00e1 aqu\u00ed ir\u00e1 al mercado todos los d\u00edas a recoger la limosna con el asnito que est\u00e1 amarrado abajo. Las religiosas aceptaron con naturalidad, y a\u00fan con alegr\u00eda aquel lugar: le dijeron al padre Rousille que estaban dispuestas a iniciar all\u00ed su misi\u00f3n. Cuando se despidieron del Padre, las religiosas se miraron la una a la otra muy sonre\u00eddas, pues la situaci\u00f3n que se les presentaba era rara y algo jocosa.<\/p><p>Al d\u00eda siguiente, las hermanas fueron como de costumbre a la Eucarist\u00eda. Al finalizar esta, el Padre se les acerc\u00f3 de nuevo y, con bondad, les dijo: Mis buenas Madres, lo que les hice ayer fue una prueba. He quedado edificado de su humildad: esa no es la verdadera casa para ustedes. El Padre Rousille hab\u00eda querido probar la capacidad de las hermanas para adaptarse al dif\u00edcil medio donde viv\u00edan las personas pobres de Guayaquil. As\u00ed que, al momento, las invit\u00f3 a acompa\u00f1arle para que conocieran el lugar donde realmente vivir\u00edan.<\/p><p>Caminaron unos pasos y llegaron a una construcci\u00f3n de madera que estaba por terminarse y que ofrec\u00eda las comodidades suficientes y el espacio adecuado en el que la Madre Judith y la Madre Mercedes pod\u00edan habitar y atender con comodidad al futuro orfanato. Para el 26 de octubre Judith y Mercedes, con posibilidades reales de consolidar su misi\u00f3n, comunicaron a la Madre General la buena noticia. Ella, exteriorizando todo su entusiasmo, dispuso que viajaran cinco religiosas solo para fortalecer la nueva obra. Las religiosas designadas arreglaron equipaje y emprendieron decididas el viaje.<\/p><p>A las siete de la noche fueron recibidas por el pueblo que las contemplaba sorprendido.<br \/>De esta manera, el 28 de octubre de 1906, siendo General del Instituto la Madre Mar\u00eda del Coraz\u00f3n de Jes\u00fas Uquillas Vela y siendo Administrador Apost\u00f3lico de la Di\u00f3cesis Monse\u00f1or Federico Gonz\u00e1lez Su\u00e1rez, se fund\u00f3 la Nueva Casa de la Comunidad Marianita en Guayaquil. Fue designada como superiora la Madre In\u00e9s del Ni\u00f1o Jes\u00fas Tejada, de nacionalidad colombiana.<\/p><p>Como miembro de la Comunidad, estuvieron:<\/p><ul><li>\u00a0Madre Judith Oyarvide, guayaquile\u00f1a.<\/li><li>\u00a0Madre Mercedes Plaza, colombiana.<\/li><li>\u00a0Madre Sof\u00eda Granda y<\/li><li>\u00a0Madre Serafina Alvarado, lojanas<\/li><li>\u00a0Madre Honorina Rivadeneira, guarande\u00f1a;<\/li><li>\u00a0Madre Agustina Mora, de San Miguel de Bol\u00edvar.<\/li><\/ul><p>La obra de Guayaquil registra algunos hechos que fueron interpretados como manifestaciones providenciales. En otra ocasi\u00f3n, durante unos ejercicios espirituales impartidos a las religiosas, el Padre Rousille manifest\u00f3: &#8220;Para que se afirme esta fundaci\u00f3n, Dios pide una ofrenda de entre ustedes&#8221;. Las Hermanas que lo escucharon quedaron preocupadas por la predicci\u00f3n. Y sucedi\u00f3 que no mucho tiempo despu\u00e9s, el 11 de marzo de 1908, la Madre In\u00e9s del Ni\u00f1o Jes\u00fas, quien ten\u00eda fama de santidad, entregaba su alma al Creador.<\/p><p>La Superiora que reemplaz\u00f3 a la Madre In\u00e9s del Ni\u00f1o Jes\u00fas fue la Madre Mar\u00eda Francisca del Carmen D\u00e1valos, riobambe\u00f1a, quien ejerci\u00f3 su cargo hasta el 16 de septiembre de 1910. Ella fue una Madre laboriosa y sacrificada; sus m\u00e9ritos personales contribuyeron mucho para que la Comunidad se robusteciera.<\/p><p>Para 1914, ocho a\u00f1os despu\u00e9s de la fundaci\u00f3n, la Madre Judith Oyarvide ser\u00eda la nueva Superiora. En esta ocasi\u00f3n, nuevamente manifestar\u00eda su esp\u00edritu pr\u00e1ctico y entusiasta, proponiendo un giro a la situaci\u00f3n de la Comunidad. Ella vio que era mejor independizarse de la Parroquia y adquirir una casa a donde trasladar el orfanato que tan bien llevaban adelante las religiosas.<\/p><p>En 1922 la Madre Judith, al ser nuevamente elegida Superiora de la Comunidad de Guayaquil, continu\u00f3 la labor formativa de las ni\u00f1as y j\u00f3venes de la ciudad que acud\u00edan al orfanato. Terminado su periodo, fue trasladada a Babahoyo para dirigir dicha Comunidad.<\/p><p>En 1935, mientras ejerc\u00eda el cargo de Superiora la Madre Mar\u00eda Luisa de la Concepci\u00f3n Ortiz, los padres de familia, conocedores de la s\u00f3lida formaci\u00f3n que se impart\u00eda en el orfanato de Mariana de Jes\u00fas, le solicitaron que fundaran una escuela, la misma que se inaugur\u00f3 el 30 de abril de 1936 con el nombre de \u201cMercedes de Jes\u00fas Molina\u201d, en honor a nuestra Madre Fundadora que fue una ilustre mujer y santa guayaquile\u00f1a. La escuela ten\u00eda 2 secciones internas y externas.<\/p><p>En 1936, luego de hacer todos los tramites debidos, se inaugur\u00f3 la escuela de seis grados con el nombre de Mercedes de Jes\u00fas Molina (donde actualmente se encuentra la UESMJ Guayaquil), en honor a la &#8216;Fundadora ilustre y Santa Guayaquile\u00f1a&#8217;. Adem\u00e1s, se organiz\u00f3 el s\u00e9ptimo, octavo y noveno grado denominado De la Comercial, pues all\u00ed se ense\u00f1aba Contabilidad, Comercio y otras materias aprobadas por el Ministerio de Educaci\u00f3n.<\/p><p>El 19 de abril de 1958 se recibe la Resoluci\u00f3n Ministerial No. 327 como respuesta a la solicitud de la Hna. Celia Mar\u00eda de Jes\u00fas en el cual se autoriza que a partir del a\u00f1o lectivo 1958 \u2013 1959 se inicie el primer curso de Comercio y Administraci\u00f3n en el Colegio Santa Mariana de Jes\u00fas, los a\u00f1os subsiguientes las autoridades competentes autoriza el funcionamiento de los dem\u00e1s cursos seg\u00fan las especializaciones solicitadas.<\/p><p><img decoding=\"async\" class=\"wp-image-557 size-full alignleft\" src=\"https:\/\/marianitasguayaquil.edu.ec\/wp-content\/uploads\/2021\/06\/edificio.jpg\" alt=\"\" width=\"470\" height=\"288\" srcset=\"https:\/\/marianitasguayaquil.edu.ec\/wp-content\/uploads\/2021\/06\/edificio.jpg 470w, https:\/\/marianitasguayaquil.edu.ec\/wp-content\/uploads\/2021\/06\/edificio-300x184.jpg 300w\" sizes=\"(max-width: 470px) 100vw, 470px\" \/>La Comunidad de la UESMJ de Guayaquil bajo la direcci\u00f3n de la Madre Celia Mar\u00eda C\u00f3rdova Vivanco, tuvo buena idea de ampliar su radio de acci\u00f3n apost\u00f3lica hacia el suburbio sur y el 28 de mayo de ese mismo a\u00f1o se inaugur\u00f3 la escuela con el nombre de &#8220;Mercedes de Jes\u00fas Molina&#8221;. Dos a\u00f1os despu\u00e9s, el 30 de abril de 1960, durante el Superiorato de la Madre Rosa Josefina Bustos Noboa, se abri\u00f3 la secci\u00f3n secundaria de la UESMJ \u2018Santa Mariana de Jes\u00fas\u2019 en Guayaquil.<\/p><p>El 4 de octubre de 1989 la Hna. Rectora Teresa Chauvin Hidalgo y de acuerdo al Art. 62 del Reglamento General de Educaci\u00f3n, vigente solicit\u00f3 a la Direcci\u00f3n Provincial de Educaci\u00f3n del Guayas, se incorpore a la raz\u00f3n social de dicho establecimiento la denominaci\u00f3n de UNIDAD EDUCATIVA SANTA MARIANA DE JES\u00daS. Dicha solicitud fue atendida con el Oficio No. 0658 y acuerdo al No. 0020 del 11 de enero del 2000 e incorpor\u00f3 al Jard\u00edn Mixto, Escuela y Colegio particulares de ni\u00f1as como UNIDAD EDUCATIVA PARTICULAR SANTA MARIANA DE JES\u00daS DE GUAYAQUIL, firma Abg. Juan Su\u00e1rez M\u00e9ndez Director Provincial de Educaci\u00f3n y Cultura del Guayas.<\/p><p>El 8 de octubre del 2004, mediante Acuerdo No.252 la Direcci\u00f3n Provincial de Educaci\u00f3n del Guayas aprueba la aplicaci\u00f3n de Innovaci\u00f3n Curricular en el nivel de Educaci\u00f3n General B\u00e1sica de Segundo al D\u00e9cimo a\u00f1o, y el 20 de abril del 2004 y con el Acuerdo No. 252 se aprueba la aplicaci\u00f3n del Proyecto Educativo Institucional basado en el Decreto Ejecutivo 1786. La Unidad Educativa Santa Mariana de Jes\u00fas a lo largo de sus a\u00f1os de servicio a la comunidad guayaquile\u00f1a, ha entregado a la sociedad Bachilleres T\u00e9cnicas en Comercio y Administraci\u00f3n, Bachilleratos en Ciencias Unificadas. En la actualidad Bachilleres T\u00e9cnicas en Comercio y Administraci\u00f3n Especializaci\u00f3n Contabilidad y Administraci\u00f3n. Y a partir del a\u00f1o lectivo 2012 \u2013 2013 la aplicaci\u00f3n de Bachillerato General Unificado, iniciando con Primero de Bachillerato.<\/p><p>Los a\u00f1os pasaron, y aquella semilla de formaci\u00f3n hab\u00eda florecido en madres cristianas; en religiosas de nuestra comunidad y de otras Congregaciones; y en varias profesionales.<\/p><p><img loading=\"lazy\" decoding=\"async\" class=\"alignright wp-image-557 size-full\" src=\"https:\/\/marianitasguayaquil.edu.ec\/wp-content\/uploads\/2021\/06\/edificio.jpg\" alt=\"\" width=\"470\" height=\"288\" srcset=\"https:\/\/marianitasguayaquil.edu.ec\/wp-content\/uploads\/2021\/06\/edificio.jpg 470w, https:\/\/marianitasguayaquil.edu.ec\/wp-content\/uploads\/2021\/06\/edificio-300x184.jpg 300w\" sizes=\"(max-width: 470px) 100vw, 470px\" \/>Actualmente esta Obra Educativa cuenta con los 3 niveles con el nombre de UNIDAD EDUCATIVA SANTA MARIANA DE JES\u00daS, para llevar adelante su propuesta de Educaci\u00f3n Integral en tierras Guayasenses, recursos que le permiten responder a la exigencia de la sociedad actual en el campo acad\u00e9mico, administrativo y de producci\u00f3n. Una propuesta Bachillerato General Unificado opci\u00f3n Ciencias seg\u00fan Acuerdo Ministerial No. 242-11 del 5 de julio del 2011 y Bachillerato General Unificado T\u00e9cnico Polivalente Contabilidad y Administraci\u00f3n. M\u00e1s a\u00fan, cuenta con personal completo de Docentes, Administrativos y Personal de Apoyo con calidad y calidez humana.<\/p><p>Hoy la obra se ha complementado a trav\u00e9s del trabajo de las diferentes superioras y hermanas de Comunidad, quienes, con amor al Creador y a sus hermanos, han dejado lo mejor de sus vidas y contin\u00faan enriqueciendo esta misi\u00f3n haciendo germinar el Reino de Dios.<\/p><\/div><\/div>\t\t\t\t\t\t\t\t<\/div>\n\t\t\t\t<\/div>\n\t\t\t\t\t<\/div>\n\t\t<\/div>\n\t\t\t\t\t<\/div>\n\t\t<\/section>\n\t\t\t\t<section class=\"elementor-section elementor-top-section elementor-element elementor-element-29bc352 elementor-section-boxed elementor-section-height-default elementor-section-height-default\" data-id=\"29bc352\" data-element_type=\"section\" data-settings=\"{&quot;background_background&quot;:&quot;classic&quot;}\">\n\t\t\t\t\t\t<div class=\"elementor-container elementor-column-gap-default\">\n\t\t\t\t\t<div class=\"elementor-column elementor-col-100 elementor-top-column elementor-element elementor-element-c87d5de\" data-id=\"c87d5de\" data-element_type=\"column\">\n\t\t\t<div class=\"elementor-widget-wrap\">\n\t\t\t\t\t\t\t<\/div>\n\t\t<\/div>\n\t\t\t\t\t<\/div>\n\t\t<\/section>\n\t\t\t\t<section class=\"elementor-section elementor-top-section elementor-element elementor-element-c2016ef elementor-section-boxed elementor-section-height-default elementor-section-height-default\" data-id=\"c2016ef\" data-element_type=\"section\">\n\t\t\t\t\t\t<div class=\"elementor-container elementor-column-gap-default\">\n\t\t\t\t\t<div class=\"elementor-column elementor-col-33 elementor-top-column elementor-element elementor-element-884d643\" data-id=\"884d643\" data-element_type=\"column\">\n\t\t\t<div class=\"elementor-widget-wrap elementor-element-populated\">\n\t\t\t\t\t\t<div class=\"elementor-element elementor-element-9422bd5 elementor-widget elementor-widget-image\" data-id=\"9422bd5\" data-element_type=\"widget\" data-widget_type=\"image.default\">\n\t\t\t\t<div class=\"elementor-widget-container\">\n\t\t\t\t\t\t\t\t\t\t\t\t\t\t\t<img loading=\"lazy\" decoding=\"async\" width=\"150\" height=\"150\" src=\"https:\/\/marianitasguayaquil.edu.ec\/wp-content\/uploads\/2025\/01\/logo-150x150.png\" class=\"attachment-thumbnail size-thumbnail wp-image-1392\" alt=\"\" srcset=\"https:\/\/marianitasguayaquil.edu.ec\/wp-content\/uploads\/2025\/01\/logo-150x150.png 150w, https:\/\/marianitasguayaquil.edu.ec\/wp-content\/uploads\/2025\/01\/logo-300x300.png 300w, https:\/\/marianitasguayaquil.edu.ec\/wp-content\/uploads\/2025\/01\/logo.png 720w\" sizes=\"(max-width: 150px) 100vw, 150px\" \/>\t\t\t\t\t\t\t\t\t\t\t\t\t\t\t<\/div>\n\t\t\t\t<\/div>\n\t\t\t\t\t<\/div>\n\t\t<\/div>\n\t\t\t\t<div class=\"elementor-column elementor-col-33 elementor-top-column elementor-element elementor-element-180f053\" data-id=\"180f053\" data-element_type=\"column\">\n\t\t\t<div class=\"elementor-widget-wrap elementor-element-populated\">\n\t\t\t\t\t\t<div class=\"elementor-element elementor-element-5ce6403 elementor-widget elementor-widget-text-editor\" data-id=\"5ce6403\" data-element_type=\"widget\" data-widget_type=\"text-editor.default\">\n\t\t\t\t<div class=\"elementor-widget-container\">\n\t\t\t\t\t\t\t\t\t<h2 class=\"fas fa-map-marker-alt\" style=\"color: #2d4d68;\">\u00a0Direcci\u00f3n<\/h2>\n<h5><span style=\"color: #2d4d68; font-family: Trajan Pro Regular;\">Chimborazo 1819 y Maldonado<\/br> \nTelf.: 042-402525<\/span><\/h5>\n\n<h5 style=\"color: #2d4d68; font-family: Trajan Pro Regular;\">Guayaquil &#8211; Ecuador<\/h5>\t\t\t\t\t\t\t\t<\/div>\n\t\t\t\t<\/div>\n\t\t\t\t\t<\/div>\n\t\t<\/div>\n\t\t\t\t<div class=\"elementor-column elementor-col-33 elementor-top-column elementor-element elementor-element-239b92f\" data-id=\"239b92f\" data-element_type=\"column\">\n\t\t\t<div class=\"elementor-widget-wrap elementor-element-populated\">\n\t\t\t\t\t\t<div class=\"elementor-element elementor-element-58b1f3c elementor-widget elementor-widget-text-editor\" data-id=\"58b1f3c\" data-element_type=\"widget\" data-widget_type=\"text-editor.default\">\n\t\t\t\t<div class=\"elementor-widget-container\">\n\t\t\t\t\t\t\t\t\t<div class=\"parallax full-width-bg\">\n<div class=\"container\">\n<div class=\"main-title\">\n<h4 style=\"text-align: left;\"><strong><span style=\"color: #2d4d68;\"><span style=\"font-family: 'Trajan Pro Bold';\">\u00a0 \u00a0 \u00a0 \u00a0 \u00a0 \u00a0 S\u00edguenos en<\/span><\/span><\/strong><\/h4>\n<\/div>\n<\/div>\n<\/div>\t\t\t\t\t\t\t\t<\/div>\n\t\t\t\t<\/div>\n\t\t\t\t<div class=\"elementor-element elementor-element-cb058ba elementor-shape-circle elementor-grid-0 e-grid-align-center elementor-widget elementor-widget-social-icons\" data-id=\"cb058ba\" data-element_type=\"widget\" data-widget_type=\"social-icons.default\">\n\t\t\t\t<div class=\"elementor-widget-container\">\n\t\t\t\t\t\t\t<div class=\"elementor-social-icons-wrapper elementor-grid\">\n\t\t\t\t\t\t\t<span class=\"elementor-grid-item\">\n\t\t\t\t\t<a class=\"elementor-icon elementor-social-icon elementor-social-icon-facebook-f elementor-animation-float elementor-repeater-item-8b93320\" href=\"https:\/\/www.facebook.com\/marianitasguayaquil\" target=\"_blank\">\n\t\t\t\t\t\t<span class=\"elementor-screen-only\">Facebook-f<\/span>\n\t\t\t\t\t\t<i class=\"fab fa-facebook-f\"><\/i>\t\t\t\t\t<\/a>\n\t\t\t\t<\/span>\n\t\t\t\t\t\t\t<span class=\"elementor-grid-item\">\n\t\t\t\t\t<a class=\"elementor-icon elementor-social-icon elementor-social-icon-twitter elementor-animation-float elementor-repeater-item-9dd9f7b\" href=\"https:\/\/twitter.com\/UESMJG\" target=\"_blank\">\n\t\t\t\t\t\t<span class=\"elementor-screen-only\">Twitter<\/span>\n\t\t\t\t\t\t<i class=\"fab fa-twitter\"><\/i>\t\t\t\t\t<\/a>\n\t\t\t\t<\/span>\n\t\t\t\t\t\t\t<span class=\"elementor-grid-item\">\n\t\t\t\t\t<a class=\"elementor-icon elementor-social-icon elementor-social-icon-instagram elementor-animation-float elementor-repeater-item-0d76d10\" href=\"https:\/\/www.instagram.com\/marianitasguayaquil\" target=\"_blank\">\n\t\t\t\t\t\t<span class=\"elementor-screen-only\">Instagram<\/span>\n\t\t\t\t\t\t<i class=\"fab fa-instagram\"><\/i>\t\t\t\t\t<\/a>\n\t\t\t\t<\/span>\n\t\t\t\t\t\t\t<span class=\"elementor-grid-item\">\n\t\t\t\t\t<a class=\"elementor-icon elementor-social-icon elementor-social-icon-youtube elementor-animation-float elementor-repeater-item-faf93fd\" href=\"https:\/\/www.youtube.com\/user\/marianitasguayaquil\" target=\"_blank\">\n\t\t\t\t\t\t<span class=\"elementor-screen-only\">Youtube<\/span>\n\t\t\t\t\t\t<i class=\"fab fa-youtube\"><\/i>\t\t\t\t\t<\/a>\n\t\t\t\t<\/span>\n\t\t\t\t\t<\/div>\n\t\t\t\t\t\t<\/div>\n\t\t\t\t<\/div>\n\t\t\t\t\t<\/div>\n\t\t<\/div>\n\t\t\t\t\t<\/div>\n\t\t<\/section>\n\t\t\t\t<\/div>\n\t\t","protected":false},"excerpt":{"rendered":"<p>Hermanas Marianitas en Guayaquil El 18 de octubre de 1906, la Comunidad de Hermanas Marianitas se traslada a la hospitalaria y culta ciudad de Guayaquil, con el objeto dedicarse a la educaci\u00f3n de las ni\u00f1as desvalidas y de las ni\u00f1as hu\u00e9rfanas de la \u00e9poca. Una tarde de aquel 1906 en la Casa madre de la [&hellip;]<\/p>\n","protected":false},"author":2,"featured_media":0,"parent":0,"menu_order":0,"comment_status":"closed","ping_status":"closed","template":"","meta":{"footnotes":""},"class_list":["post-322","page","type-page","status-publish","hentry"],"_links":{"self":[{"href":"https:\/\/marianitasguayaquil.edu.ec\/index.php?rest_route=\/wp\/v2\/pages\/322","targetHints":{"allow":["GET"]}}],"collection":[{"href":"https:\/\/marianitasguayaquil.edu.ec\/index.php?rest_route=\/wp\/v2\/pages"}],"about":[{"href":"https:\/\/marianitasguayaquil.edu.ec\/index.php?rest_route=\/wp\/v2\/types\/page"}],"author":[{"embeddable":true,"href":"https:\/\/marianitasguayaquil.edu.ec\/index.php?rest_route=\/wp\/v2\/users\/2"}],"replies":[{"embeddable":true,"href":"https:\/\/marianitasguayaquil.edu.ec\/index.php?rest_route=%2Fwp%2Fv2%2Fcomments&post=322"}],"version-history":[{"count":103,"href":"https:\/\/marianitasguayaquil.edu.ec\/index.php?rest_route=\/wp\/v2\/pages\/322\/revisions"}],"predecessor-version":[{"id":1430,"href":"https:\/\/marianitasguayaquil.edu.ec\/index.php?rest_route=\/wp\/v2\/pages\/322\/revisions\/1430"}],"wp:attachment":[{"href":"https:\/\/marianitasguayaquil.edu.ec\/index.php?rest_route=%2Fwp%2Fv2%2Fmedia&parent=322"}],"curies":[{"name":"wp","href":"https:\/\/api.w.org\/{rel}","templated":true}]}}