{"id":1030,"date":"2021-06-17T13:00:31","date_gmt":"2021-06-17T18:00:31","guid":{"rendered":"https:\/\/marianitasguayaquil.edu.ec\/?page_id=1030"},"modified":"2025-01-07T10:08:10","modified_gmt":"2025-01-07T15:08:10","slug":"pastoral","status":"publish","type":"page","link":"https:\/\/marianitasguayaquil.edu.ec\/?page_id=1030","title":{"rendered":"Pastoral"},"content":{"rendered":"\t\t<div data-elementor-type=\"wp-page\" data-elementor-id=\"1030\" class=\"elementor elementor-1030\" data-elementor-post-type=\"page\">\n\t\t\t\t\t\t<section class=\"elementor-section elementor-top-section elementor-element elementor-element-95b464b elementor-section-boxed elementor-section-height-default elementor-section-height-default\" data-id=\"95b464b\" data-element_type=\"section\">\n\t\t\t\t\t\t<div class=\"elementor-container elementor-column-gap-default\">\n\t\t\t\t\t<div class=\"elementor-column elementor-col-100 elementor-top-column elementor-element elementor-element-58b1bd9\" data-id=\"58b1bd9\" data-element_type=\"column\">\n\t\t\t<div class=\"elementor-widget-wrap elementor-element-populated\">\n\t\t\t\t\t\t<div class=\"elementor-element elementor-element-a80dcbe elementor-widget elementor-widget-text-editor\" data-id=\"a80dcbe\" data-element_type=\"widget\" data-widget_type=\"text-editor.default\">\n\t\t\t\t<div class=\"elementor-widget-container\">\n\t\t\t\t\t\t\t\t\t<div class=\"parallax full-width-bg\">\n<div class=\"container\">\n<div class=\"main-title\">\n<h1 style=\"text-align: center;\"><span style=\"color: #ed4a7d;\"><strong><span style=\"font-family: 'Trajan Pro Bold';\">Relicario Mercedes de Jes\u00fas Molina<\/span><\/strong><\/span><\/h1>\n<\/div>\n<\/div>\n<\/div>\t\t\t\t\t\t\t\t<\/div>\n\t\t\t\t<\/div>\n\t\t\t\t\t<\/div>\n\t\t<\/div>\n\t\t\t\t\t<\/div>\n\t\t<\/section>\n\t\t\t\t<section class=\"elementor-section elementor-top-section elementor-element elementor-element-6306cfa elementor-section-boxed elementor-section-height-default elementor-section-height-default\" data-id=\"6306cfa\" data-element_type=\"section\">\n\t\t\t\t\t\t<div class=\"elementor-container elementor-column-gap-default\">\n\t\t\t\t\t<div class=\"elementor-column elementor-col-100 elementor-top-column elementor-element elementor-element-1929925\" data-id=\"1929925\" data-element_type=\"column\">\n\t\t\t<div class=\"elementor-widget-wrap elementor-element-populated\">\n\t\t\t\t\t\t<div class=\"elementor-element elementor-element-0007dc8 elementor-widget elementor-widget-text-editor\" data-id=\"0007dc8\" data-element_type=\"widget\" data-widget_type=\"text-editor.default\">\n\t\t\t\t<div class=\"elementor-widget-container\">\n\t\t\t\t\t\t\t\t\t<palign=\"justify\"><span style=\"color: #486c90;\">La Unidad Educativa Santa Mariana de Jes\u00fas de Guayaquil, desde el Dpto. de Pastoral, quiere lograr que sus estudiantes salgan de s\u00ed mismas y se den cuenta que para encontrarse con el otro es necesario dejarse tocar por el Se\u00f1or.<\/span><\/p>\n<p align=\"justify\"><span style=\"color: #486c90;\">Nuestra raz\u00f3n de ser como Marianitas es dar a conocer a Jes\u00fas, es por eso que en cada convivencia encontramos nuevas razones para decirles que Dios existe y que su amor es como una semilla que est\u00e1 dentro, s\u00f3lo debemos darle el espacio necesario para que germine; pero es importante dejar que pasen todas nuestras tormentas externas e internas para que \u00c9l hable a nuestra vida, no importa la edad, cada estudiante Marianita est\u00e1 llamada\/o a ser portador\/a del Germen del Reino al estilo de Mercedes Molina, vivir la misericordia desde un amor personal a Jes\u00fas.<\/span><\/p>\t\t\t\t\t\t\t\t<\/div>\n\t\t\t\t<\/div>\n\t\t\t\t\t<\/div>\n\t\t<\/div>\n\t\t\t\t\t<\/div>\n\t\t<\/section>\n\t\t\t\t<section class=\"elementor-section elementor-top-section elementor-element elementor-element-3314ee2 elementor-section-boxed elementor-section-height-default elementor-section-height-default\" data-id=\"3314ee2\" data-element_type=\"section\">\n\t\t\t\t\t\t<div class=\"elementor-container elementor-column-gap-default\">\n\t\t\t\t\t<div class=\"elementor-column elementor-col-50 elementor-top-column elementor-element elementor-element-834e8ac\" data-id=\"834e8ac\" data-element_type=\"column\">\n\t\t\t<div class=\"elementor-widget-wrap elementor-element-populated\">\n\t\t\t\t\t\t<div class=\"elementor-element elementor-element-dd63a34 elementor-widget elementor-widget-image\" data-id=\"dd63a34\" data-element_type=\"widget\" data-widget_type=\"image.default\">\n\t\t\t\t<div class=\"elementor-widget-container\">\n\t\t\t\t\t\t\t\t\t\t\t\t\t\t\t<img decoding=\"async\" src=\"https:\/\/marianitasguayaquil.edu.ec\/wp-content\/uploads\/elementor\/thumbs\/oracion_mercedes_molina_uesmjguayaquil-p8t5zt7zsjkvgafvfr4o9geiqr05pbyejvfu2zb6pe.jpg\" title=\"oracion_mercedes_molina_uesmjguayaquil\" alt=\"laLa Petici\u00f3n por la Canonizaci\u00f3n de Nuestra Madre Mercedes\" loading=\"lazy\" \/>\t\t\t\t\t\t\t\t\t\t\t\t\t\t\t<\/div>\n\t\t\t\t<\/div>\n\t\t\t\t\t<\/div>\n\t\t<\/div>\n\t\t\t\t<div class=\"elementor-column elementor-col-50 elementor-top-column elementor-element elementor-element-7ce3a45\" data-id=\"7ce3a45\" data-element_type=\"column\">\n\t\t\t<div class=\"elementor-widget-wrap elementor-element-populated\">\n\t\t\t\t\t\t<div class=\"elementor-element elementor-element-fe93e20 elementor-widget elementor-widget-text-editor\" data-id=\"fe93e20\" data-element_type=\"widget\" data-widget_type=\"text-editor.default\">\n\t\t\t\t<div class=\"elementor-widget-container\">\n\t\t\t\t\t\t\t\t\t<div class=\"parallax full-width-bg\">\n<div class=\"container\">\n<div class=\"main-title\">\n<h2 style=\"text-align: center;\"><strong><span style=\"color: #ed4a7d;\"><span style=\"font-family: 'Trajan Pro Bold';\">En camino a la Canonizaci\u00f3n de Mercedes Molina<\/span><\/span><\/strong><\/h2>\n<\/div>\n<\/div>\n<\/div>\n<p align=\"justify\"><span style=\"color: #486c90;\">La PROVINCIA RELIGIOSA MAR\u00cdA DE NAZARETH, de las Hermanas Marianitas, propone orar mucho por la pronta canonizaci\u00f3n de Mercedes Molina, y nuestra\u00a0Unidad Educativa Santa Mariana de Jes\u00fas\u00a0inicia la jornada de oraci\u00f3n en Honor a Mercedes Molina para todos los 12 de cada mes, esa es la raz\u00f3n por la cual cada Marianita queremos dar gracias a Dios por tener como modelo de vida a una mujer cuya historia se convirti\u00f3 en todo un acontecimiento y su ejemplo de seguimiento a Jes\u00fas es motivo de alegr\u00eda entre nosotros.<\/span><\/p>\t\t\t\t\t\t\t\t<\/div>\n\t\t\t\t<\/div>\n\t\t\t\t\t<\/div>\n\t\t<\/div>\n\t\t\t\t\t<\/div>\n\t\t<\/section>\n\t\t\t\t<section class=\"elementor-section elementor-top-section elementor-element elementor-element-1a8cbf5 elementor-section-height-min-height elementor-section-boxed elementor-section-height-default elementor-section-items-middle\" data-id=\"1a8cbf5\" data-element_type=\"section\">\n\t\t\t\t\t\t<div class=\"elementor-container elementor-column-gap-default\">\n\t\t\t\t\t<div class=\"elementor-column elementor-col-50 elementor-top-column elementor-element elementor-element-db32c1e\" data-id=\"db32c1e\" data-element_type=\"column\">\n\t\t\t<div class=\"elementor-widget-wrap elementor-element-populated\">\n\t\t\t\t\t\t<div class=\"elementor-element elementor-element-5a0de01 elementor-widget elementor-widget-text-editor\" data-id=\"5a0de01\" data-element_type=\"widget\" data-widget_type=\"text-editor.default\">\n\t\t\t\t<div class=\"elementor-widget-container\">\n\t\t\t\t\t\t\t\t\t<div class=\"parallax full-width-bg\">\n<div class=\"container\">\n<div class=\"main-title\">\n<h2 style=\"text-align: center;\"><strong><span style=\"color: #ed4a7d;\"><span style=\"font-family: 'Trajan Pro Bold';\">Movimiento Juvenil Marianita<\/span><\/span><\/strong><\/h2>\n<\/div>\n<\/div>\n<\/div>\n<p align=\"justify\"><span style=\"color: #486c90;\">El Movimiento Juvenil Marianita es un Grupo Cristiano en b\u00fasqueda de una mejor juventud, atentas al llamado de Dios, no somos perfectas, m\u00e1s bien a veces somos demasiado fr\u00e1giles pero vamos poco a poco entendiendo que dios nos ama como somos y nos invita a ser mejores cada d\u00eda.\nNuestros modelos: Jes\u00fas, la Virgen\u00a0 Mar\u00eda, Marianita y Mercedes de Jes\u00fas.<\/span><\/p>\t\t\t\t\t\t\t\t<\/div>\n\t\t\t\t<\/div>\n\t\t\t\t\t<\/div>\n\t\t<\/div>\n\t\t\t\t<div class=\"elementor-column elementor-col-50 elementor-top-column elementor-element elementor-element-78b02f2\" data-id=\"78b02f2\" data-element_type=\"column\">\n\t\t\t<div class=\"elementor-widget-wrap elementor-element-populated\">\n\t\t\t\t\t\t<div class=\"elementor-element elementor-element-712e759 elementor-widget elementor-widget-image\" data-id=\"712e759\" data-element_type=\"widget\" data-widget_type=\"image.default\">\n\t\t\t\t<div class=\"elementor-widget-container\">\n\t\t\t\t\t\t\t\t\t\t\t\t\t\t\t<img fetchpriority=\"high\" decoding=\"async\" width=\"768\" height=\"418\" src=\"https:\/\/marianitasguayaquil.edu.ec\/wp-content\/uploads\/2021\/06\/MJM-768x418.png\" class=\"attachment-medium_large size-medium_large wp-image-1038\" alt=\"\" srcset=\"https:\/\/marianitasguayaquil.edu.ec\/wp-content\/uploads\/2021\/06\/MJM-768x418.png 768w, https:\/\/marianitasguayaquil.edu.ec\/wp-content\/uploads\/2021\/06\/MJM-300x163.png 300w, https:\/\/marianitasguayaquil.edu.ec\/wp-content\/uploads\/2021\/06\/MJM-1024x557.png 1024w, https:\/\/marianitasguayaquil.edu.ec\/wp-content\/uploads\/2021\/06\/MJM.png 1163w\" sizes=\"(max-width: 768px) 100vw, 768px\" \/>\t\t\t\t\t\t\t\t\t\t\t\t\t\t\t<\/div>\n\t\t\t\t<\/div>\n\t\t\t\t\t<\/div>\n\t\t<\/div>\n\t\t\t\t\t<\/div>\n\t\t<\/section>\n\t\t\t\t<section class=\"elementor-section elementor-top-section elementor-element elementor-element-e6825fb elementor-section-boxed elementor-section-height-default elementor-section-height-default\" data-id=\"e6825fb\" data-element_type=\"section\">\n\t\t\t\t\t\t<div class=\"elementor-container elementor-column-gap-default\">\n\t\t\t\t\t<div class=\"elementor-column elementor-col-100 elementor-top-column elementor-element elementor-element-6d2bae0\" data-id=\"6d2bae0\" data-element_type=\"column\">\n\t\t\t<div class=\"elementor-widget-wrap elementor-element-populated\">\n\t\t\t\t\t\t<div class=\"elementor-element elementor-element-279ea8d elementor-widget elementor-widget-text-editor\" data-id=\"279ea8d\" data-element_type=\"widget\" data-widget_type=\"text-editor.default\">\n\t\t\t\t<div class=\"elementor-widget-container\">\n\t\t\t\t\t\t\t\t\t<div class=\"parallax full-width-bg\">\n<div class=\"container\">\n<div class=\"main-title\">\n<h1 style=\"text-align: center;\"><span style=\"color: #ed4a7d;\"><strong><span style=\"font-family: 'Trajan Pro Bold';\">V\u00eddeo Pastoral<\/span><\/strong><\/span><\/h1>\n<\/div>\n<\/div>\n<\/div>\t\t\t\t\t\t\t\t<\/div>\n\t\t\t\t<\/div>\n\t\t\t\t\t<\/div>\n\t\t<\/div>\n\t\t\t\t\t<\/div>\n\t\t<\/section>\n\t\t\t\t<section class=\"elementor-section elementor-top-section elementor-element elementor-element-cc9be54 elementor-section-boxed elementor-section-height-default elementor-section-height-default\" data-id=\"cc9be54\" data-element_type=\"section\">\n\t\t\t\t\t\t<div class=\"elementor-container elementor-column-gap-default\">\n\t\t\t\t\t<div class=\"elementor-column elementor-col-50 elementor-top-column elementor-element elementor-element-cb85914\" data-id=\"cb85914\" data-element_type=\"column\">\n\t\t\t<div class=\"elementor-widget-wrap\">\n\t\t\t\t\t\t\t<\/div>\n\t\t<\/div>\n\t\t\t\t<div class=\"elementor-column elementor-col-50 elementor-top-column elementor-element elementor-element-e6bda51\" data-id=\"e6bda51\" data-element_type=\"column\">\n\t\t\t<div class=\"elementor-widget-wrap elementor-element-populated\">\n\t\t\t\t\t\t<div class=\"elementor-element elementor-element-df53a9e elementor-widget elementor-widget-video\" data-id=\"df53a9e\" data-element_type=\"widget\" data-settings=\"{&quot;video_type&quot;:&quot;hosted&quot;,&quot;controls&quot;:&quot;yes&quot;}\" data-widget_type=\"video.default\">\n\t\t\t\t<div class=\"elementor-widget-container\">\n\t\t\t\t\t\t\t<div class=\"e-hosted-video elementor-wrapper elementor-open-inline\">\n\t\t\t\t\t<video class=\"elementor-video\" src=\"https:\/\/marianitasguayaquil.edu.ec\/wp-content\/uploads\/2021\/06\/UESMJ.mp4\" controls=\"\" preload=\"metadata\" controlsList=\"nodownload\" poster=\"https:\/\/marianitasguayaquil.edu.ec\/wp-content\/uploads\/2021\/06\/b69b9639-597c-4c23-a77d-54ff2f8e4a7a.jpg\"><\/video>\n\t\t\t\t<\/div>\n\t\t\t\t\t\t<\/div>\n\t\t\t\t<\/div>\n\t\t\t\t\t<\/div>\n\t\t<\/div>\n\t\t\t\t\t<\/div>\n\t\t<\/section>\n\t\t\t\t<section class=\"elementor-section elementor-top-section elementor-element elementor-element-525cb53 elementor-section-boxed elementor-section-height-default elementor-section-height-default\" data-id=\"525cb53\" data-element_type=\"section\">\n\t\t\t\t\t\t<div class=\"elementor-container elementor-column-gap-default\">\n\t\t\t\t\t<div class=\"elementor-column elementor-col-33 elementor-top-column elementor-element elementor-element-f344fe4\" data-id=\"f344fe4\" data-element_type=\"column\">\n\t\t\t<div class=\"elementor-widget-wrap elementor-element-populated\">\n\t\t\t\t\t\t<div class=\"elementor-element elementor-element-7aac349 elementor-widget elementor-widget-image\" data-id=\"7aac349\" data-element_type=\"widget\" data-widget_type=\"image.default\">\n\t\t\t\t<div class=\"elementor-widget-container\">\n\t\t\t\t\t\t\t\t\t\t\t\t\t\t\t<img decoding=\"async\" width=\"150\" height=\"150\" src=\"https:\/\/marianitasguayaquil.edu.ec\/wp-content\/uploads\/2025\/01\/logo-150x150.png\" class=\"attachment-thumbnail size-thumbnail wp-image-1392\" alt=\"\" srcset=\"https:\/\/marianitasguayaquil.edu.ec\/wp-content\/uploads\/2025\/01\/logo-150x150.png 150w, https:\/\/marianitasguayaquil.edu.ec\/wp-content\/uploads\/2025\/01\/logo-300x300.png 300w, https:\/\/marianitasguayaquil.edu.ec\/wp-content\/uploads\/2025\/01\/logo.png 720w\" sizes=\"(max-width: 150px) 100vw, 150px\" \/>\t\t\t\t\t\t\t\t\t\t\t\t\t\t\t<\/div>\n\t\t\t\t<\/div>\n\t\t\t\t\t<\/div>\n\t\t<\/div>\n\t\t\t\t<div class=\"elementor-column elementor-col-33 elementor-top-column elementor-element elementor-element-e44b132\" data-id=\"e44b132\" data-element_type=\"column\">\n\t\t\t<div class=\"elementor-widget-wrap elementor-element-populated\">\n\t\t\t\t\t\t<div class=\"elementor-element elementor-element-bbb6181 elementor-widget elementor-widget-text-editor\" data-id=\"bbb6181\" data-element_type=\"widget\" data-widget_type=\"text-editor.default\">\n\t\t\t\t<div class=\"elementor-widget-container\">\n\t\t\t\t\t\t\t\t\t<h2 class=\"fas fa-map-marker-alt\" style=\"color: #2d4d68;\">\u00a0Direcci\u00f3n<\/h2>\n<h5><span style=\"color: #2d4d68; font-family: Trajan Pro Regular;\">Chimborazo 1819 y Maldonado<\/br> \nTelf.: 042-402525<\/span><\/h5>\n\n<h5 style=\"color: #2d4d68; font-family: Trajan Pro Regular;\">Guayaquil &#8211; Ecuador<\/h5>\t\t\t\t\t\t\t\t<\/div>\n\t\t\t\t<\/div>\n\t\t\t\t\t<\/div>\n\t\t<\/div>\n\t\t\t\t<div class=\"elementor-column elementor-col-33 elementor-top-column elementor-element elementor-element-52a3868\" data-id=\"52a3868\" data-element_type=\"column\">\n\t\t\t<div class=\"elementor-widget-wrap elementor-element-populated\">\n\t\t\t\t\t\t<div class=\"elementor-element elementor-element-2c26165 elementor-widget elementor-widget-text-editor\" data-id=\"2c26165\" data-element_type=\"widget\" data-widget_type=\"text-editor.default\">\n\t\t\t\t<div class=\"elementor-widget-container\">\n\t\t\t\t\t\t\t\t\t<div class=\"parallax full-width-bg\">\n<div class=\"container\">\n<div class=\"main-title\">\n<h4 style=\"text-align: left;\"><strong><span style=\"color: #2d4d68;\"><span style=\"font-family: 'Trajan Pro Bold';\">\u00a0 \u00a0 \u00a0 \u00a0 \u00a0 \u00a0 S\u00edguenos en<\/span><\/span><\/strong><\/h4>\n<\/div>\n<\/div>\n<\/div>\t\t\t\t\t\t\t\t<\/div>\n\t\t\t\t<\/div>\n\t\t\t\t<div class=\"elementor-element elementor-element-ebea8ec elementor-shape-circle elementor-grid-0 e-grid-align-center elementor-widget elementor-widget-social-icons\" data-id=\"ebea8ec\" data-element_type=\"widget\" data-widget_type=\"social-icons.default\">\n\t\t\t\t<div class=\"elementor-widget-container\">\n\t\t\t\t\t\t\t<div class=\"elementor-social-icons-wrapper elementor-grid\">\n\t\t\t\t\t\t\t<span class=\"elementor-grid-item\">\n\t\t\t\t\t<a class=\"elementor-icon elementor-social-icon elementor-social-icon-facebook-f elementor-animation-float elementor-repeater-item-723f6e7\" href=\"https:\/\/www.facebook.com\/marianitasguayaquil\" target=\"_blank\">\n\t\t\t\t\t\t<span class=\"elementor-screen-only\">Facebook-f<\/span>\n\t\t\t\t\t\t<i class=\"fab fa-facebook-f\"><\/i>\t\t\t\t\t<\/a>\n\t\t\t\t<\/span>\n\t\t\t\t\t\t\t<span class=\"elementor-grid-item\">\n\t\t\t\t\t<a class=\"elementor-icon elementor-social-icon elementor-social-icon-twitter elementor-animation-float elementor-repeater-item-ff6d08c\" href=\"https:\/\/twitter.com\/UESMJG\" target=\"_blank\">\n\t\t\t\t\t\t<span class=\"elementor-screen-only\">Twitter<\/span>\n\t\t\t\t\t\t<i class=\"fab fa-twitter\"><\/i>\t\t\t\t\t<\/a>\n\t\t\t\t<\/span>\n\t\t\t\t\t\t\t<span class=\"elementor-grid-item\">\n\t\t\t\t\t<a class=\"elementor-icon elementor-social-icon elementor-social-icon-instagram elementor-animation-float elementor-repeater-item-07bd2b5\" href=\"https:\/\/www.instagram.com\/marianitasguayaquil\" target=\"_blank\">\n\t\t\t\t\t\t<span class=\"elementor-screen-only\">Instagram<\/span>\n\t\t\t\t\t\t<i class=\"fab fa-instagram\"><\/i>\t\t\t\t\t<\/a>\n\t\t\t\t<\/span>\n\t\t\t\t\t\t\t<span class=\"elementor-grid-item\">\n\t\t\t\t\t<a class=\"elementor-icon elementor-social-icon elementor-social-icon-youtube elementor-animation-float elementor-repeater-item-1f6d192\" href=\"https:\/\/www.youtube.com\/user\/marianitasguayaquil\" target=\"_blank\">\n\t\t\t\t\t\t<span class=\"elementor-screen-only\">Youtube<\/span>\n\t\t\t\t\t\t<i class=\"fab fa-youtube\"><\/i>\t\t\t\t\t<\/a>\n\t\t\t\t<\/span>\n\t\t\t\t\t<\/div>\n\t\t\t\t\t\t<\/div>\n\t\t\t\t<\/div>\n\t\t\t\t\t<\/div>\n\t\t<\/div>\n\t\t\t\t\t<\/div>\n\t\t<\/section>\n\t\t\t\t<\/div>\n\t\t","protected":false},"excerpt":{"rendered":"<p>Relicario Mercedes de Jes\u00fas Molina La Unidad Educativa Santa Mariana de Jes\u00fas de Guayaquil, desde el Dpto. de Pastoral, quiere lograr que sus estudiantes salgan de s\u00ed mismas y se den cuenta que para encontrarse con el otro es necesario dejarse tocar por el Se\u00f1or. Nuestra raz\u00f3n de ser como Marianitas es dar a conocer [&hellip;]<\/p>\n","protected":false},"author":2,"featured_media":0,"parent":0,"menu_order":0,"comment_status":"closed","ping_status":"closed","template":"","meta":{"footnotes":""},"class_list":["post-1030","page","type-page","status-publish","hentry"],"_links":{"self":[{"href":"https:\/\/marianitasguayaquil.edu.ec\/index.php?rest_route=\/wp\/v2\/pages\/1030","targetHints":{"allow":["GET"]}}],"collection":[{"href":"https:\/\/marianitasguayaquil.edu.ec\/index.php?rest_route=\/wp\/v2\/pages"}],"about":[{"href":"https:\/\/marianitasguayaquil.edu.ec\/index.php?rest_route=\/wp\/v2\/types\/page"}],"author":[{"embeddable":true,"href":"https:\/\/marianitasguayaquil.edu.ec\/index.php?rest_route=\/wp\/v2\/users\/2"}],"replies":[{"embeddable":true,"href":"https:\/\/marianitasguayaquil.edu.ec\/index.php?rest_route=%2Fwp%2Fv2%2Fcomments&post=1030"}],"version-history":[{"count":53,"href":"https:\/\/marianitasguayaquil.edu.ec\/index.php?rest_route=\/wp\/v2\/pages\/1030\/revisions"}],"predecessor-version":[{"id":1436,"href":"https:\/\/marianitasguayaquil.edu.ec\/index.php?rest_route=\/wp\/v2\/pages\/1030\/revisions\/1436"}],"wp:attachment":[{"href":"https:\/\/marianitasguayaquil.edu.ec\/index.php?rest_route=%2Fwp%2Fv2%2Fmedia&parent=1030"}],"curies":[{"name":"wp","href":"https:\/\/api.w.org\/{rel}","templated":true}]}}